{"id":105,"date":"2016-04-05T03:34:11","date_gmt":"2016-04-05T03:34:11","guid":{"rendered":"http:\/\/cgbengenharia.com.br\/?page_id=105"},"modified":"2017-03-16T16:47:54","modified_gmt":"2017-03-16T16:47:54","slug":"areas-de-atuacao","status":"publish","type":"page","link":"https:\/\/www.cgbengenharia.com.br\/index.php\/areas-de-atuacao\/","title":{"rendered":"\u00c1reas de atua\u00e7\u00e3o"},"content":{"rendered":"<p>[vc_row][vc_column][vc_row_inner][vc_column_inner width=&#8221;2\/3&#8243;][vc_column_text]<\/p>\n<h2><span style=\"color: #9a1241;\">CONSTRU\u00c7\u00c3O<\/span><\/h2>\n<p>[\/vc_column_text][vc_column_text]Atuando na \u00e1rea de constru\u00e7\u00e3o civil, podemos destacar grandes obras:<br \/>\nConstru\u00e7\u00e3o da Procuradoria de Justi\u00e7a da Comarca de Petrolina-PE, com \u00e1rea constru\u00edda de 1.884,5m\u00b2;<br \/>\nConstru\u00e7\u00e3o da Biblioteca Municipal de Petrolina-PE, com \u00e1rea constru\u00edda de 1.278m\u00b2;<br \/>\nCentro e Manuten\u00e7\u00e3o do Projeto de Irriga\u00e7\u00e3o Senador Nilo Coelho \u2013 CODEVASF 3\u00aa Superintend\u00eancia Regional, com \u00e1rea constru\u00edda de 635m\u00b2.[\/vc_column_text][\/vc_column_inner][vc_column_inner width=&#8221;1\/3&#8243;][vc_single_image image=&#8221;112&#8243; img_size=&#8221;large&#8221;][\/vc_column_inner][\/vc_row_inner][vc_row_inner][vc_column_inner width=&#8221;2\/3&#8243;][vc_column_text]<\/p>\n<h2><span style=\"color: #9a1241;\">SERVI\u00c7OS <strong>OPERACIONAIS<\/strong><\/span><\/h2>\n<p>[\/vc_column_text][vc_column_text]Na nossa grade de servi\u00e7os estamos tamb\u00e9m presente na \u00e1rea de Servi\u00e7os de Limpeza de Base de Po\u00e7os, Conten\u00e7\u00e3o de Petr\u00f3leo Derramado e Res\u00edduo nas Unidades da (UO-BA) \u2013 Petrobras, em Alagoinhas-BA.[\/vc_column_text][\/vc_column_inner][vc_column_inner width=&#8221;1\/3&#8243;][vc_single_image image=&#8221;116&#8243; img_size=&#8221;large&#8221;][\/vc_column_inner][\/vc_row_inner][vc_row_inner][vc_column_inner width=&#8221;2\/3&#8243;][vc_column_text]<\/p>\n<h2><span style=\"color: #9a1241;\">IRRIGA\u00c7\u00c3O<\/span><\/h2>\n<p>[\/vc_column_text][vc_column_text]Na \u00e1rea de servi\u00e7os operacionais de per\u00edmetros irrigados e manuten\u00e7\u00e3o eletromec\u00e2nica, atuamos no Per\u00edmetro Irrigado do Salitre, Juazeiro-BA e Per\u00edmetro Irrigado Fulg\u00eancio, Santa Maria da Boa Vista-PE.[\/vc_column_text][\/vc_column_inner][vc_column_inner width=&#8221;1\/3&#8243;][vc_single_image image=&#8221;119&#8243; img_size=&#8221;large&#8221;][\/vc_column_inner][\/vc_row_inner][vc_row_inner][vc_column_inner width=&#8221;2\/3&#8243;][vc_column_text]<\/p>\n<h2><span style=\"color: #9a1241;\">SERVI\u00c7OS <strong>DE ENERGIA<\/strong><\/span><\/h2>\n<p>[\/vc_column_text][vc_column_text]Temos grande atua\u00e7\u00e3o na \u00e1rea de servi\u00e7os t\u00e9cnicos e operacionais de energia, dentre eles: corte, religa\u00e7\u00e3o, leitura de consumo, liga\u00e7\u00e3o nova, visita de cobran\u00e7a, lojas de atendimento, negocia\u00e7\u00e3o de d\u00e9bitos CNR, reaviso especial, atendimento as solicita\u00e7\u00f5es de enlace, linha viva e obras civis.[\/vc_column_text][\/vc_column_inner][vc_column_inner width=&#8221;1\/3&#8243;][vc_single_image image=&#8221;121&#8243; img_size=&#8221;large&#8221;][\/vc_column_inner][\/vc_row_inner][vc_row_inner][vc_column_inner width=&#8221;2\/3&#8243;][vc_column_text]<\/p>\n<h2><span style=\"color: #9a1241;\">SERVI\u00c7OS <strong>DE INFRAESTRUTURA<\/strong><\/span><\/h2>\n<p>[\/vc_column_text][vc_column_text]Atua tamb\u00e9m na mina subterr\u00e2nea da Minera\u00e7\u00e3o Cara\u00edba S\/A., com utiliza\u00e7\u00e3o de ve\u00edculos leves e pesados para carregamento e transporte interno de min\u00e9rio e est\u00e9ril.[\/vc_column_text][\/vc_column_inner][vc_column_inner width=&#8221;1\/3&#8243;][vc_single_image image=&#8221;123&#8243; img_size=&#8221;large&#8221;][\/vc_column_inner][\/vc_row_inner][\/vc_column][\/vc_row]<\/p>\n","protected":false},"excerpt":{"rendered":"<p>[vc_row][vc_column][vc_row_inner][vc_column_inner width=&#8221;2\/3&#8243;][vc_column_text] CONSTRU\u00c7\u00c3O [\/vc_column_text][vc_column_text]Atuando na \u00e1rea de constru\u00e7\u00e3o civil, podemos destacar grandes obras: Constru\u00e7\u00e3o da Procuradoria de Justi\u00e7a da Comarca de Petrolina-PE, com \u00e1rea constru\u00edda de 1.884,5m\u00b2; Constru\u00e7\u00e3o da Biblioteca Municipal de Petrolina-PE, com \u00e1rea constru\u00edda de 1.278m\u00b2; Centro e Manuten\u00e7\u00e3o do Projeto de Irriga\u00e7\u00e3o Senador Nilo Coelho \u2013 CODEVASF 3\u00aa Superintend\u00eancia Regional, com \u00e1rea&hellip;<\/p>\n","protected":false},"author":1,"featured_media":0,"parent":0,"menu_order":0,"comment_status":"closed","ping_status":"closed","template":"","meta":[],"_links":{"self":[{"href":"https:\/\/www.cgbengenharia.com.br\/index.php\/wp-json\/wp\/v2\/pages\/105"}],"collection":[{"href":"https:\/\/www.cgbengenharia.com.br\/index.php\/wp-json\/wp\/v2\/pages"}],"about":[{"href":"https:\/\/www.cgbengenharia.com.br\/index.php\/wp-json\/wp\/v2\/types\/page"}],"author":[{"embeddable":true,"href":"https:\/\/www.cgbengenharia.com.br\/index.php\/wp-json\/wp\/v2\/users\/1"}],"replies":[{"embeddable":true,"href":"https:\/\/www.cgbengenharia.com.br\/index.php\/wp-json\/wp\/v2\/comments?post=105"}],"version-history":[{"count":18,"href":"https:\/\/www.cgbengenharia.com.br\/index.php\/wp-json\/wp\/v2\/pages\/105\/revisions"}],"predecessor-version":[{"id":2168,"href":"https:\/\/www.cgbengenharia.com.br\/index.php\/wp-json\/wp\/v2\/pages\/105\/revisions\/2168"}],"wp:attachment":[{"href":"https:\/\/www.cgbengenharia.com.br\/index.php\/wp-json\/wp\/v2\/media?parent=105"}],"curies":[{"name":"wp","href":"https:\/\/api.w.org\/{rel}","templated":true}]}}