{"id":12,"date":"2016-04-04T21:19:24","date_gmt":"2016-04-04T21:19:24","guid":{"rendered":"http:\/\/cgbengenharia.com.br\/?page_id=12"},"modified":"2021-08-03T23:24:12","modified_gmt":"2021-08-03T23:24:12","slug":"home","status":"publish","type":"page","link":"https:\/\/www.cgbengenharia.com.br\/","title":{"rendered":"Home"},"content":{"rendered":"<script type=\"text\/javascript\">\r\ndocument.addEventListener(\"DOMContentLoaded\", function(event) { \r\n\tjQuery( '#slider-pro-3-1956' ).sliderPro({\r\n\t\t\/\/width\r\n\t\t\t\tforceSize: 'fullWidth',\r\n\t\t\t\t\r\n\t\t\/\/height\r\n\t\t\t\theight: 120,\r\n\t\t\t\t\r\n\t\t\/\/auto play\r\n\t\t\t\tautoplay:  true,\r\n\t\tautoplayOnHover: 'none',\r\n\t\t\t\t\t\t\t\tautoplayDelay: 5000,\r\n\t\t\r\n\t\t\r\n\t\tarrows: true,\r\n\t\tbuttons: false,\r\n\t\tsmallSize: 500,\r\n\t\tmediumSize: 1000,\r\n\t\tlargeSize: 3000,\r\n\t\tfade: true,\r\n\t\t\r\n\t\t\/\/thumbnail\r\n\t\tthumbnailArrows: true,\r\n\t\tthumbnailWidth: 120,\r\n\t\tthumbnailHeight: 120,\r\n\t\t\t\t\t\t\t\tthumbnailPointer: true, \r\n\t\t\t\tcenterImage: true,\r\n\t\timageScaleMode: 'cover',\r\n\t\tallowScaleUp: true,\r\n\t\t\t\tstartSlide: 0,\r\n\t\tloop: true,\r\n\t\tslideDistance: 5,\r\n\t\tautoplayDirection: 'normal',\r\n\t\ttouchSwipe: true,\r\n\t\tfullScreen: false,\r\n\t});\r\n});\r\n<\/script>\r\n<style>\r\n\/* Layout 3 *\/\r\n\/* border *\/\r\n\r\n\/* font + color *\/\r\n.title-in  {\r\n\tfont-family: Arial !important;\r\n\tcolor: #FFFFFF !important;\r\n\tbackground-color: #000000 !important;\r\n\topacity: 0.7 !important;\r\n}\r\n.desc-in  {\r\n\tfont-family: Arial !important;\r\n\tcolor: #FFFFFF !important;\r\n\tbackground-color: #00000 !important;\r\n\topacity: 0.7 !important;\r\n}\r\n\r\n\/* bullets color *\/\r\n.sp-button  {\r\n\tborder: 2px solid #000000 !important;\r\n}\r\n.sp-selected-button  {\r\n\tbackground-color: #000000 !important;\r\n}\r\n\r\n\/* pointer color - bottom *\/\r\n\r\n\/* pointer color - top *\/\r\n\r\n\/* full screen icon *\/\r\n.sp-full-screen-button::before {\r\n    color: #FFFFFF !important;\r\n}\r\n\r\n\/* hover navigation icon color *\/\r\n.sp-next-arrow::after, .sp-next-arrow::before {\r\n\tbackground-color: #FFFFFF !important;\r\n}\r\n.sp-previous-arrow::after, .sp-previous-arrow::before {\r\n\tbackground-color: #FFFFFF !important;\r\n}\r\n\r\n#slider-pro-3-1956 .title-in {\r\n\tcolor: #FFFFFF !important;\r\n\tfont-weight: bolder;\r\n\ttext-align: center;\r\n}\r\n\r\n#slider-pro-3-1956 .title-in-bg {\r\n\tbackground: rgba(255, 255, 255, 0.7); !important;\r\n\twhite-space: unset !important;\r\n\tmax-width: 90%;\r\n\tmin-width: 40%;\r\n\ttransform: initial !important;\r\n\t-webkit-transform: initial !important;\r\n\tfont-size: 14px !important;\r\n}\r\n\r\n#slider-pro-3-1956 .desc-in {\r\n\tcolor: #FFFFFF !important;\r\n\ttext-align: center;\r\n}\r\n#slider-pro-3-1956 .desc-in-bg {\r\n\tbackground: rgba(#00000, 0.7) !important;\r\n\twhite-space: unset !important;\r\n\twidth: 80% !important;\r\n\tmin-width: 30%;\r\n\ttransform: initial !important;\r\n\t-webkit-transform: initial !important;\r\n\tfont-size: 13px !important;\r\n}\r\n\r\n@media (max-width: 640px) {\r\n\t#slider-pro-3-1956 .hide-small-screen {\r\n\t\tdisplay: none;\r\n\t}\r\n}\r\n\r\n@media (max-width: 860px) {\r\n\t#slider-pro-3-1956 .sp-layer {\r\n\t\tfont-size: 18px;\r\n\t}\r\n\t\r\n\t#slider-pro-3-1956 .hide-medium-screen {\r\n\t\tdisplay: none;\r\n\t}\r\n}\r\n.slides-not-found {\r\n\tbackground-color: #a92929;\r\n\tborder-radius: 5px;\r\n\tcolor: #fff;\r\n\tfont-family: initial;\r\n\ttext-align: center;\r\n\tpadding:12px;\r\n}\r\n\/* Custom CSS *\/\r\n.slider-pro { margin-bottom: 54px !important; }<\/style>\r\n\t\t<div id=\"slider-pro-3-1956\" class=\"slider-pro\">\r\n\t\t\t<!---- slides div start ---->\r\n\t\t\t<div class=\"sp-slides\">\r\n\t\t\t\t\t\t\t\t\t\t<div class=\"sp-slide\">\r\n\t\t\t\t\t\t\t<img class=\"sp-image\" alt=\"slide1\" src=\"https:\/\/www.cgbengenharia.com.br\/wp-content\/plugins\/ultimate-responsive-image-slider\/assets\/css\/images\/blank.gif\" data-src=\"https:\/\/www.cgbengenharia.com.br\/wp-content\/uploads\/2016\/04\/slide1-5.jpg\" \/>\r\n\r\n\t\t\t\t\t\t\t\r\n\t\t\t\t\t\t\t\t\t\t\t\t\t<\/div>\r\n\t\t\t\t\t\t\t\t\t\t\t\t<div class=\"sp-slide\">\r\n\t\t\t\t\t\t\t<img class=\"sp-image\" alt=\"slide2\" src=\"https:\/\/www.cgbengenharia.com.br\/wp-content\/plugins\/ultimate-responsive-image-slider\/assets\/css\/images\/blank.gif\" data-src=\"https:\/\/www.cgbengenharia.com.br\/wp-content\/uploads\/2016\/04\/slide2-3.jpg\" \/>\r\n\r\n\t\t\t\t\t\t\t\r\n\t\t\t\t\t\t\t\t\t\t\t\t\t<\/div>\r\n\t\t\t\t\t\t\t\t\t\t\t\t<div class=\"sp-slide\">\r\n\t\t\t\t\t\t\t<img class=\"sp-image\" alt=\"slide3\" src=\"https:\/\/www.cgbengenharia.com.br\/wp-content\/plugins\/ultimate-responsive-image-slider\/assets\/css\/images\/blank.gif\" data-src=\"https:\/\/www.cgbengenharia.com.br\/wp-content\/uploads\/2016\/04\/slide3-3.jpg\" \/>\r\n\r\n\t\t\t\t\t\t\t\r\n\t\t\t\t\t\t\t\t\t\t\t\t\t<\/div>\r\n\t\t\t\t\t\t\t\t\t\t\t\t<div class=\"sp-slide\">\r\n\t\t\t\t\t\t\t<img class=\"sp-image\" alt=\"slide4\" src=\"https:\/\/www.cgbengenharia.com.br\/wp-content\/plugins\/ultimate-responsive-image-slider\/assets\/css\/images\/blank.gif\" data-src=\"https:\/\/www.cgbengenharia.com.br\/wp-content\/uploads\/2016\/04\/slide4.jpg\" \/>\r\n\r\n\t\t\t\t\t\t\t\r\n\t\t\t\t\t\t\t\t\t\t\t\t\t<\/div>\r\n\t\t\t\t\t\t\t\t\t\t\t\t<div class=\"sp-slide\">\r\n\t\t\t\t\t\t\t<img class=\"sp-image\" alt=\"cgb-bg3\" src=\"https:\/\/www.cgbengenharia.com.br\/wp-content\/plugins\/ultimate-responsive-image-slider\/assets\/css\/images\/blank.gif\" data-src=\"https:\/\/www.cgbengenharia.com.br\/wp-content\/uploads\/2016\/05\/cgb-bg3.jpg\" \/>\r\n\r\n\t\t\t\t\t\t\t\r\n\t\t\t\t\t\t\t\t\t\t\t\t\t<\/div>\r\n\t\t\t\t\t\t\t\t\t\t\t\t<div class=\"sp-slide\">\r\n\t\t\t\t\t\t\t<img class=\"sp-image\" alt=\"cgb-bg2\" src=\"https:\/\/www.cgbengenharia.com.br\/wp-content\/plugins\/ultimate-responsive-image-slider\/assets\/css\/images\/blank.gif\" data-src=\"https:\/\/www.cgbengenharia.com.br\/wp-content\/uploads\/2016\/05\/cgb-bg2.jpg\" \/>\r\n\r\n\t\t\t\t\t\t\t\r\n\t\t\t\t\t\t\t\t\t\t\t\t\t<\/div>\r\n\t\t\t\t\t\t\t\t\t\t\t\t<div class=\"sp-slide\">\r\n\t\t\t\t\t\t\t<img class=\"sp-image\" alt=\"slide7\" src=\"https:\/\/www.cgbengenharia.com.br\/wp-content\/plugins\/ultimate-responsive-image-slider\/assets\/css\/images\/blank.gif\" data-src=\"https:\/\/www.cgbengenharia.com.br\/wp-content\/uploads\/2016\/04\/slide7.jpg\" \/>\r\n\r\n\t\t\t\t\t\t\t\r\n\t\t\t\t\t\t\t\t\t\t\t\t\t<\/div>\r\n\t\t\t\t\t\t\t\t\t\t\t\t<div class=\"sp-slide\">\r\n\t\t\t\t\t\t\t<img class=\"sp-image\" alt=\"cgb-bg\" src=\"https:\/\/www.cgbengenharia.com.br\/wp-content\/plugins\/ultimate-responsive-image-slider\/assets\/css\/images\/blank.gif\" data-src=\"https:\/\/www.cgbengenharia.com.br\/wp-content\/uploads\/2016\/05\/cgb-bg.jpg\" \/>\r\n\r\n\t\t\t\t\t\t\t\r\n\t\t\t\t\t\t\t\t\t\t\t\t\t<\/div>\r\n\t\t\t\t\t\t\t\t\t\t\t\t<div class=\"sp-slide\">\r\n\t\t\t\t\t\t\t<img class=\"sp-image\" alt=\"cgb-bg4\" src=\"https:\/\/www.cgbengenharia.com.br\/wp-content\/plugins\/ultimate-responsive-image-slider\/assets\/css\/images\/blank.gif\" data-src=\"https:\/\/www.cgbengenharia.com.br\/wp-content\/uploads\/2016\/05\/cgb-bg4.jpg\" \/>\r\n\r\n\t\t\t\t\t\t\t\r\n\t\t\t\t\t\t\t\t\t\t\t\t\t<\/div>\r\n\t\t\t\t\t\t\t\t\t\t\t\t<div class=\"sp-slide\">\r\n\t\t\t\t\t\t\t<img class=\"sp-image\" alt=\"slide10\" src=\"https:\/\/www.cgbengenharia.com.br\/wp-content\/plugins\/ultimate-responsive-image-slider\/assets\/css\/images\/blank.gif\" data-src=\"https:\/\/www.cgbengenharia.com.br\/wp-content\/uploads\/2016\/04\/slide10.jpg\" \/>\r\n\r\n\t\t\t\t\t\t\t\r\n\t\t\t\t\t\t\t\t\t\t\t\t\t<\/div>\r\n\t\t\t\t\t\t\t\t\t\t\t\t<div class=\"sp-slide\">\r\n\t\t\t\t\t\t\t<img class=\"sp-image\" alt=\"slide11\" src=\"https:\/\/www.cgbengenharia.com.br\/wp-content\/plugins\/ultimate-responsive-image-slider\/assets\/css\/images\/blank.gif\" data-src=\"https:\/\/www.cgbengenharia.com.br\/wp-content\/uploads\/2016\/04\/slide11.jpg\" \/>\r\n\r\n\t\t\t\t\t\t\t\r\n\t\t\t\t\t\t\t\t\t\t\t\t\t<\/div>\r\n\t\t\t\t\t\t\t\t\t\t\t\t<div class=\"sp-slide\">\r\n\t\t\t\t\t\t\t<img class=\"sp-image\" alt=\"slide12\" src=\"https:\/\/www.cgbengenharia.com.br\/wp-content\/plugins\/ultimate-responsive-image-slider\/assets\/css\/images\/blank.gif\" data-src=\"https:\/\/www.cgbengenharia.com.br\/wp-content\/uploads\/2016\/04\/slide12.jpg\" \/>\r\n\r\n\t\t\t\t\t\t\t\r\n\t\t\t\t\t\t\t\t\t\t\t\t\t<\/div>\r\n\t\t\t\t\t\t\t\t\t<\/div>\r\n\t\t\t\r\n\t\t\t<!---- slides div end ---->\r\n\t\t\t\t\t\t<!-- slides thumbnails div end -->\r\n\t\t<\/div>\r\n\n<p>[vc_row][vc_column width=&#8221;1\/4&#8243;][vc_column_text el_class=&#8221;titulo-secao&#8221;]\u00c1rea de <strong>atua\u00e7\u00e3o<\/strong>[\/vc_column_text][vc_column_text]Uma empresa com forte atua\u00e7\u00e3o nas \u00e1reas de constru\u00e7\u00e3o civil, servi\u00e7os t\u00e9cnicos comerciais de energia, opera\u00e7\u00e3o de per\u00edmetros irrigados e manuten\u00e7\u00f5es eletromec\u00e2nicas.<\/p>\n<p>\u00c9 composta por profissionais capacitados com ampla experi\u00eancia, que buscam constantemente a atualiza\u00e7\u00e3o e qualifica\u00e7\u00e3o para o desenvolvimento de suas atividades.[\/vc_column_text][vc_btn title=&#8221;Veja mais&#8221; style=&#8221;outline-custom&#8221; outline_custom_color=&#8221;#9a1241&#8243; outline_custom_hover_background=&#8221;#9a1241&#8243; outline_custom_hover_text=&#8221;#ffffff&#8221; i_icon_fontawesome=&#8221;fa fa-arrow-circle-o-right&#8221; add_icon=&#8221;true&#8221; link=&#8221;url:http%3A%2F%2Fcgbengenharia.com.br%2Findex.php%2Fareas-de-atuacao%2F||&#8221;][\/vc_column][vc_column width=&#8221;1\/4&#8243;]<section class=\"shortcode-teaser img-full frame-on fadeInUp animate-element\"><div class=\"shortcode-teaser-img\"><a class=\"layzr-bg rollover\" href=\"http:\/\/cgbengenharia.com.br\/index.php\/areas-de-atuacao\/\"><img class=\"lazy-load\"src=\"data:image\/svg+xml;charset=utf-8,%3Csvg xmlns%3D&#039;http%3A%2F%2Fwww.w3.org%2F2000%2Fsvg&#039; viewBox%3D&#039;0 0 260 229&#039;%2F%3E\"width=\"260\"height=\"229\"data-src=\"https:\/\/www.cgbengenharia.com.br\/wp-content\/uploads\/2016\/04\/1.jpg\"data-srcset=\"https:\/\/www.cgbengenharia.com.br\/wp-content\/uploads\/2016\/04\/1.jpg 260w\"\/><\/a><\/div><div class=\"shortcode-teaser-content text-big\"><p><strong>Constru\u00e7\u00e3o<\/strong><\/p>\n<p>Atuando na \u00e1rea de constru\u00e7\u00e3o civil, podemos destacar grandes obras<\/p>\n<a href=\"http:\/\/cgbengenharia.com.br\/index.php\/areas-de-atuacao\/\" class=\"btn-shortcode dt-btn-m dt-btn default-btn-color default-btn-hover-color default-btn-bg-color default-btn-bg-hover-color fadeIn animate-element animation-builder\" id=\"dt-btn-1\"><i class=\"fa fa-chevron-circle-right\"><\/i><span>Veja mais<\/span><\/a>\n<\/div><\/section>[\/vc_column][vc_column width=&#8221;1\/4&#8243;]<section class=\"shortcode-teaser img-full frame-on fadeInUp animate-element\"><div class=\"shortcode-teaser-img\"><a class=\"layzr-bg rollover\" href=\"http:\/\/cgbengenharia.com.br\/index.php\/areas-de-atuacao\/\"><img class=\"lazy-load\"src=\"data:image\/svg+xml;charset=utf-8,%3Csvg xmlns%3D&#039;http%3A%2F%2Fwww.w3.org%2F2000%2Fsvg&#039; viewBox%3D&#039;0 0 264 230&#039;%2F%3E\"width=\"264\"height=\"230\"alt=\"adadsad\"data-src=\"https:\/\/www.cgbengenharia.com.br\/wp-content\/uploads\/2016\/04\/energia.jpg\"data-srcset=\"https:\/\/www.cgbengenharia.com.br\/wp-content\/uploads\/2016\/04\/energia.jpg 264w\"\/><\/a><\/div><div class=\"shortcode-teaser-content text-big\"><p><strong>Servi\u00e7os de energia<\/strong><\/p>\n<p>Temos grande atua\u00e7\u00e3o na \u00e1rea de servi\u00e7os t\u00e9cnicos e operacionais de energia<\/p>\n<a href=\"http:\/\/cgbengenharia.com.br\/index.php\/areas-de-atuacao\" class=\"btn-shortcode dt-btn-m dt-btn default-btn-color default-btn-hover-color default-btn-bg-color default-btn-bg-hover-color fadeIn animate-element animation-builder\" id=\"dt-btn-2\"><i class=\"fa fa-chevron-circle-right\"><\/i><span>Veja mais<\/span><\/a>\n<\/div><\/section>[\/vc_column][vc_column width=&#8221;1\/4&#8243;]<section class=\"shortcode-teaser img-full frame-on fadeInUp animate-element\"><div class=\"shortcode-teaser-img\"><a class=\"layzr-bg rollover\" href=\"http:\/\/cgbengenharia.com.br\/index.php\/areas-de-atuacao\/\"><img class=\"lazy-load\"src=\"data:image\/svg+xml;charset=utf-8,%3Csvg xmlns%3D&#039;http%3A%2F%2Fwww.w3.org%2F2000%2Fsvg&#039; viewBox%3D&#039;0 0 264 232&#039;%2F%3E\"width=\"264\"height=\"232\"alt=\"adadsad\"data-src=\"https:\/\/www.cgbengenharia.com.br\/wp-content\/uploads\/2016\/04\/sevicos.jpg\"data-srcset=\"https:\/\/www.cgbengenharia.com.br\/wp-content\/uploads\/2016\/04\/sevicos.jpg 264w\"\/><\/a><\/div><div class=\"shortcode-teaser-content text-big\"><p><strong>Servi\u00e7os de Infraestrutura<\/strong><\/p>\n<p>Atua tamb\u00e9m na mina subterr\u00e2nea da Minera\u00e7\u00e3o Cara\u00edba S\/A<\/p>\n<a href=\"http:\/\/cgbengenharia.com.br\/index.php\/areas-de-atuacao\" class=\"btn-shortcode dt-btn-m dt-btn default-btn-color default-btn-hover-color default-btn-bg-color default-btn-bg-hover-color fadeIn animate-element animation-builder\" id=\"dt-btn-3\"><i class=\"fa fa-chevron-circle-right\"><\/i><span>Veja mais<\/span><\/a>\n<\/div><\/section>[\/vc_column][\/vc_row][vc_row type=&#8221;vc_default&#8221; bg_type=&#8221;bg_color&#8221; bg_override=&#8221;full&#8221; bg_color_value=&#8221;#f6f6f6&#8243; css=&#8221;.vc_custom_1462989578277{margin-top: 30px !important;}&#8221;][vc_column width=&#8221;1\/4&#8243;][vc_column_text el_class=&#8221;titulo-secao&#8221;]<a href=\"http:\/\/cgbengenharia.com.br\/index.php\/a-empresa\/clientes\/\">Nossos<strong>\u00a0clientes<\/strong><\/a>[\/vc_column_text][vc_column_text]Conhe\u00e7a alguns dos nossos principais clientes que confiam no trabalho da CGB.[\/vc_column_text][\/vc_column][vc_column width=&#8221;3\/4&#8243;][vc_empty_space]<section class=\"logos-grid wf-container\" data-width=\"180px\" data-columns=\"4\"><div class=\"wf-cell\"><div><img class=\"fadeInUp animate-element lazy-load\"src=\"data:image\/svg+xml;charset=utf-8,%3Csvg xmlns%3D&#039;http%3A%2F%2Fwww.w3.org%2F2000%2Fsvg&#039; viewBox%3D&#039;0 0 145 88&#039;%2F%3E\"width=\"145\"height=\"88\"alt=\"Codevasp\"data-src=\"https:\/\/www.cgbengenharia.com.br\/wp-content\/uploads\/2016\/05\/codevasf-1.png\"data-srcset=\"https:\/\/www.cgbengenharia.com.br\/wp-content\/uploads\/2016\/05\/codevasf-1.png 145w\"\/><\/div><\/div><div class=\"wf-cell\"><div><img class=\"fadeInUp animate-element lazy-load\"src=\"data:image\/svg+xml;charset=utf-8,%3Csvg xmlns%3D&#039;http%3A%2F%2Fwww.w3.org%2F2000%2Fsvg&#039; viewBox%3D&#039;0 0 199 63&#039;%2F%3E\"width=\"199\"height=\"63\"alt=\"Minera\u00e7\u00e3o Cara\u00edba\"data-srcset=\"https:\/\/www.cgbengenharia.com.br\/wp-content\/uploads\/2016\/05\/mineracao.png 398w\"\/><\/div><\/div><div class=\"wf-cell\"><div><img class=\"fadeInUp animate-element lazy-load\"src=\"data:image\/svg+xml;charset=utf-8,%3Csvg xmlns%3D&#039;http%3A%2F%2Fwww.w3.org%2F2000%2Fsvg&#039; viewBox%3D&#039;0 0 121 85&#039;%2F%3E\"width=\"121\"height=\"85\"alt=\"Compesa\"data-src=\"https:\/\/www.cgbengenharia.com.br\/wp-content\/uploads\/2016\/05\/compesa-1.png\"data-srcset=\"https:\/\/www.cgbengenharia.com.br\/wp-content\/uploads\/2016\/05\/compesa-1.png 121w\"\/><\/div><\/div><div class=\"wf-cell\"><div><img class=\"fadeInUp animate-element lazy-load\"src=\"data:image\/svg+xml;charset=utf-8,%3Csvg xmlns%3D&#039;http%3A%2F%2Fwww.w3.org%2F2000%2Fsvg&#039; viewBox%3D&#039;0 0 165 53&#039;%2F%3E\"width=\"165\"height=\"53\"alt=\"Sucab\"data-srcset=\"https:\/\/www.cgbengenharia.com.br\/wp-content\/uploads\/2016\/05\/sucab.png 330w\"\/><\/div><\/div><\/section>[vc_empty_space][\/vc_column][\/vc_row]<\/p>\n","protected":false},"excerpt":{"rendered":"<p>[vc_row][vc_column width=&#8221;1\/4&#8243;][vc_column_text el_class=&#8221;titulo-secao&#8221;]\u00c1rea de atua\u00e7\u00e3o[\/vc_column_text][vc_column_text]Uma empresa com forte atua\u00e7\u00e3o nas \u00e1reas de constru\u00e7\u00e3o civil, servi\u00e7os t\u00e9cnicos comerciais de energia, opera\u00e7\u00e3o de per\u00edmetros irrigados e manuten\u00e7\u00f5es eletromec\u00e2nicas. \u00c9 composta por profissionais capacitados com ampla experi\u00eancia, que buscam constantemente a atualiza\u00e7\u00e3o e qualifica\u00e7\u00e3o para o desenvolvimento de suas atividades.[\/vc_column_text][vc_btn title=&#8221;Veja mais&#8221; style=&#8221;outline-custom&#8221; outline_custom_color=&#8221;#9a1241&#8243; outline_custom_hover_background=&#8221;#9a1241&#8243; outline_custom_hover_text=&#8221;#ffffff&#8221; i_icon_fontawesome=&#8221;fa fa-arrow-circle-o-right&#8221;&hellip;<\/p>\n","protected":false},"author":1,"featured_media":0,"parent":0,"menu_order":0,"comment_status":"closed","ping_status":"closed","template":"","meta":[],"_links":{"self":[{"href":"https:\/\/www.cgbengenharia.com.br\/index.php\/wp-json\/wp\/v2\/pages\/12"}],"collection":[{"href":"https:\/\/www.cgbengenharia.com.br\/index.php\/wp-json\/wp\/v2\/pages"}],"about":[{"href":"https:\/\/www.cgbengenharia.com.br\/index.php\/wp-json\/wp\/v2\/types\/page"}],"author":[{"embeddable":true,"href":"https:\/\/www.cgbengenharia.com.br\/index.php\/wp-json\/wp\/v2\/users\/1"}],"replies":[{"embeddable":true,"href":"https:\/\/www.cgbengenharia.com.br\/index.php\/wp-json\/wp\/v2\/comments?post=12"}],"version-history":[{"count":59,"href":"https:\/\/www.cgbengenharia.com.br\/index.php\/wp-json\/wp\/v2\/pages\/12\/revisions"}],"predecessor-version":[{"id":2322,"href":"https:\/\/www.cgbengenharia.com.br\/index.php\/wp-json\/wp\/v2\/pages\/12\/revisions\/2322"}],"wp:attachment":[{"href":"https:\/\/www.cgbengenharia.com.br\/index.php\/wp-json\/wp\/v2\/media?parent=12"}],"curies":[{"name":"wp","href":"https:\/\/api.w.org\/{rel}","templated":true}]}}