{"id":179,"date":"2016-04-05T15:27:56","date_gmt":"2016-04-05T15:27:56","guid":{"rendered":"http:\/\/cgbengenharia.com.br\/?page_id=179"},"modified":"2016-05-13T19:55:56","modified_gmt":"2016-05-13T19:55:56","slug":"clientes","status":"publish","type":"page","link":"https:\/\/www.cgbengenharia.com.br\/index.php\/a-empresa\/clientes\/","title":{"rendered":"Clientes"},"content":{"rendered":"<p>[vc_row][vc_column]<section class=\"logos-grid wf-container\" data-width=\"180px\" data-columns=\"4\"><div class=\"wf-cell\"><div><img class=\"lazy-load\"src=\"data:image\/svg+xml;charset=utf-8,%3Csvg xmlns%3D&#039;http%3A%2F%2Fwww.w3.org%2F2000%2Fsvg&#039; viewBox%3D&#039;0 0 224 59&#039;%2F%3E\"width=\"224\"height=\"59\"alt=\"CSA\"data-srcset=\"https:\/\/www.cgbengenharia.com.br\/wp-content\/uploads\/2022\/08\/csa.jpg 448w\"\/><\/div><\/div><div class=\"wf-cell\"><div><img class=\"lazy-load\"src=\"data:image\/svg+xml;charset=utf-8,%3Csvg xmlns%3D&#039;http%3A%2F%2Fwww.w3.org%2F2000%2Fsvg&#039; viewBox%3D&#039;0 0 224 59&#039;%2F%3E\"width=\"224\"height=\"59\"alt=\"Equatorial\"data-srcset=\"https:\/\/www.cgbengenharia.com.br\/wp-content\/uploads\/2019\/11\/EQUATORIAL-ENERGIA-448x336.jpg 448w\"\/><\/div><\/div><div class=\"wf-cell\"><div><img class=\"lazy-load\"src=\"data:image\/svg+xml;charset=utf-8,%3Csvg xmlns%3D&#039;http%3A%2F%2Fwww.w3.org%2F2000%2Fsvg&#039; viewBox%3D&#039;0 0 118 117&#039;%2F%3E\"width=\"118\"height=\"117\"alt=\"Ferbasa\"data-srcset=\"https:\/\/www.cgbengenharia.com.br\/wp-content\/uploads\/2019\/10\/FERBASA-314x235.png 236w\"\/><\/div><\/div><div class=\"wf-cell\"><div><img class=\"lazy-load\"src=\"data:image\/svg+xml;charset=utf-8,%3Csvg xmlns%3D&#039;http%3A%2F%2Fwww.w3.org%2F2000%2Fsvg&#039; viewBox%3D&#039;0 0 195 66&#039;%2F%3E\"width=\"195\"height=\"66\"alt=\"Saae\"data-srcset=\"https:\/\/www.cgbengenharia.com.br\/wp-content\/uploads\/2016\/05\/saae.png 391w\"\/><\/div><\/div><div class=\"wf-cell\"><div><img class=\"lazy-load\"src=\"data:image\/svg+xml;charset=utf-8,%3Csvg xmlns%3D&#039;http%3A%2F%2Fwww.w3.org%2F2000%2Fsvg&#039; viewBox%3D&#039;0 0 165 53&#039;%2F%3E\"width=\"165\"height=\"53\"alt=\"Sucab\"data-srcset=\"https:\/\/www.cgbengenharia.com.br\/wp-content\/uploads\/2016\/05\/sucab.png 330w\"\/><\/div><\/div><div class=\"wf-cell\"><div><img class=\"lazy-load\"src=\"data:image\/svg+xml;charset=utf-8,%3Csvg xmlns%3D&#039;http%3A%2F%2Fwww.w3.org%2F2000%2Fsvg&#039; viewBox%3D&#039;0 0 199 63&#039;%2F%3E\"width=\"199\"height=\"63\"alt=\"Minera\u00e7\u00e3o Cara\u00edba\"data-srcset=\"https:\/\/www.cgbengenharia.com.br\/wp-content\/uploads\/2016\/05\/mineracao.png 398w\"\/><\/div><\/div><div class=\"wf-cell\"><div><img class=\"lazy-load\"src=\"data:image\/svg+xml;charset=utf-8,%3Csvg xmlns%3D&#039;http%3A%2F%2Fwww.w3.org%2F2000%2Fsvg&#039; viewBox%3D&#039;0 0 117 93&#039;%2F%3E\"width=\"117\"height=\"93\"alt=\"Juazeiro\"data-srcset=\"https:\/\/www.cgbengenharia.com.br\/wp-content\/uploads\/2016\/05\/juazeiro.png 235w\"\/><\/div><\/div><div class=\"wf-cell\"><div><img class=\"lazy-load\"src=\"data:image\/svg+xml;charset=utf-8,%3Csvg xmlns%3D&#039;http%3A%2F%2Fwww.w3.org%2F2000%2Fsvg&#039; viewBox%3D&#039;0 0 185 52&#039;%2F%3E\"width=\"185\"height=\"52\"alt=\"Petrolina\"data-src=\"https:\/\/www.cgbengenharia.com.br\/wp-content\/uploads\/2016\/05\/petrolina.png\"data-srcset=\"https:\/\/www.cgbengenharia.com.br\/wp-content\/uploads\/2016\/05\/petrolina.png 185w\"\/><\/div><\/div><div class=\"wf-cell\"><div><img class=\"lazy-load\"src=\"data:image\/svg+xml;charset=utf-8,%3Csvg xmlns%3D&#039;http%3A%2F%2Fwww.w3.org%2F2000%2Fsvg&#039; viewBox%3D&#039;0 0 121 85&#039;%2F%3E\"width=\"121\"height=\"85\"alt=\"Compesa\"data-src=\"https:\/\/www.cgbengenharia.com.br\/wp-content\/uploads\/2016\/05\/compesa-1.png\"data-srcset=\"https:\/\/www.cgbengenharia.com.br\/wp-content\/uploads\/2016\/05\/compesa-1.png 121w\"\/><\/div><\/div><div class=\"wf-cell\"><div><img class=\"lazy-load\"src=\"data:image\/svg+xml;charset=utf-8,%3Csvg xmlns%3D&#039;http%3A%2F%2Fwww.w3.org%2F2000%2Fsvg&#039; viewBox%3D&#039;0 0 145 88&#039;%2F%3E\"width=\"145\"height=\"88\"alt=\"Codevasp\"data-src=\"https:\/\/www.cgbengenharia.com.br\/wp-content\/uploads\/2016\/05\/codevasf-1.png\"data-srcset=\"https:\/\/www.cgbengenharia.com.br\/wp-content\/uploads\/2016\/05\/codevasf-1.png 145w\"\/><\/div><\/div><div class=\"wf-cell\"><div><img class=\"lazy-load\"src=\"data:image\/svg+xml;charset=utf-8,%3Csvg xmlns%3D&#039;http%3A%2F%2Fwww.w3.org%2F2000%2Fsvg&#039; viewBox%3D&#039;0 0 151 71&#039;%2F%3E\"width=\"151\"height=\"71\"alt=\"Celpe\"data-src=\"https:\/\/www.cgbengenharia.com.br\/wp-content\/uploads\/2016\/05\/celpe.png\"data-srcset=\"https:\/\/www.cgbengenharia.com.br\/wp-content\/uploads\/2016\/05\/celpe.png 151w\"\/><\/div><\/div><div class=\"wf-cell\"><div><img class=\"lazy-load\"src=\"data:image\/svg+xml;charset=utf-8,%3Csvg xmlns%3D&#039;http%3A%2F%2Fwww.w3.org%2F2000%2Fsvg&#039; viewBox%3D&#039;0 0 189 70&#039;%2F%3E\"width=\"189\"height=\"70\"alt=\"Chesf\"data-src=\"https:\/\/www.cgbengenharia.com.br\/wp-content\/uploads\/2016\/04\/chesf.png\"data-srcset=\"https:\/\/www.cgbengenharia.com.br\/wp-content\/uploads\/2016\/04\/chesf.png 189w\"\/><\/div><\/div><div class=\"wf-cell\"><div><img class=\"lazy-load\"src=\"data:image\/svg+xml;charset=utf-8,%3Csvg xmlns%3D&#039;http%3A%2F%2Fwww.w3.org%2F2000%2Fsvg&#039; viewBox%3D&#039;0 0 141 85&#039;%2F%3E\"width=\"141\"height=\"85\"alt=\"Petrobras\"data-src=\"https:\/\/www.cgbengenharia.com.br\/wp-content\/uploads\/2016\/04\/petrobras.png\"data-srcset=\"https:\/\/www.cgbengenharia.com.br\/wp-content\/uploads\/2016\/04\/petrobras.png 141w\"\/><\/div><\/div><div class=\"wf-cell\"><div><img class=\"lazy-load\"src=\"data:image\/svg+xml;charset=utf-8,%3Csvg xmlns%3D&#039;http%3A%2F%2Fwww.w3.org%2F2000%2Fsvg&#039; viewBox%3D&#039;0 0 148 61&#039;%2F%3E\"width=\"148\"height=\"61\"alt=\"Coelba\"data-src=\"https:\/\/www.cgbengenharia.com.br\/wp-content\/uploads\/2016\/04\/coelba.png\"data-srcset=\"https:\/\/www.cgbengenharia.com.br\/wp-content\/uploads\/2016\/04\/coelba.png 148w\"\/><\/div><\/div><\/section>[\/vc_column][\/vc_row]<\/p>\n","protected":false},"excerpt":{"rendered":"<p>[vc_row][vc_column][\/vc_column][\/vc_row]<\/p>\n","protected":false},"author":1,"featured_media":0,"parent":73,"menu_order":0,"comment_status":"closed","ping_status":"closed","template":"","meta":[],"_links":{"self":[{"href":"https:\/\/www.cgbengenharia.com.br\/index.php\/wp-json\/wp\/v2\/pages\/179"}],"collection":[{"href":"https:\/\/www.cgbengenharia.com.br\/index.php\/wp-json\/wp\/v2\/pages"}],"about":[{"href":"https:\/\/www.cgbengenharia.com.br\/index.php\/wp-json\/wp\/v2\/types\/page"}],"author":[{"embeddable":true,"href":"https:\/\/www.cgbengenharia.com.br\/index.php\/wp-json\/wp\/v2\/users\/1"}],"replies":[{"embeddable":true,"href":"https:\/\/www.cgbengenharia.com.br\/index.php\/wp-json\/wp\/v2\/comments?post=179"}],"version-history":[{"count":3,"href":"https:\/\/www.cgbengenharia.com.br\/index.php\/wp-json\/wp\/v2\/pages\/179\/revisions"}],"predecessor-version":[{"id":2212,"href":"https:\/\/www.cgbengenharia.com.br\/index.php\/wp-json\/wp\/v2\/pages\/179\/revisions\/2212"}],"up":[{"embeddable":true,"href":"https:\/\/www.cgbengenharia.com.br\/index.php\/wp-json\/wp\/v2\/pages\/73"}],"wp:attachment":[{"href":"https:\/\/www.cgbengenharia.com.br\/index.php\/wp-json\/wp\/v2\/media?parent=179"}],"curies":[{"name":"wp","href":"https:\/\/api.w.org\/{rel}","templated":true}]}}