{"id":1873,"date":"2018-02-19T21:15:38","date_gmt":"2018-02-19T21:15:38","guid":{"rendered":"http:\/\/cgbengenharia.com.br\/?page_id=1873"},"modified":"2025-09-22T19:27:01","modified_gmt":"2025-09-22T19:27:01","slug":"codigo-de-etica","status":"publish","type":"page","link":"https:\/\/www.cgbengenharia.com.br\/index.php\/a-empresa\/codigo-de-etica\/","title":{"rendered":"C\u00f3digo de \u00c9tica"},"content":{"rendered":"<p>[vc_row][vc_column][vc_column_text]<\/p>\n<h2><span style=\"color: #9a1241;\"><strong>C\u00f3digo de \u00c9tica<\/strong><\/span><\/h2>\n<p>Definir diretrizes de <strong>COMPORTAMENTO<\/strong> para as pessoas que atuem em nome do <strong>GRUPO CGB<\/strong> perante seus<strong> CLIENTES, COLABORADORES, FORNECEDORES<\/strong> e <strong>PARCEIROS, CONCORRENTES, GOVERNO, M\u00cdDIA OU SOCIEDADE EM GERAL<\/strong>.<\/p>\n<p>O C\u00f3digo se aplica indistintamente a todos os colaboradores diretos e indiretos da <strong>CGB<\/strong>.<\/p>\n<p>Toda a Diretoria, Ger\u00eancia e demais l\u00edderes est\u00e3o comprometidos com a divulga\u00e7\u00e3o e aplica\u00e7\u00e3o deste c\u00f3digo, tornando-se exemplo da utiliza\u00e7\u00e3o do mesmo, de forma que todos os colaboradores possam ter uma refer\u00eancia para o seu jeito de trabalhar.<\/p>\n<p><a href=\"http:\/\/cgbengenharia.com.br\/wp-content\/uploads\/2025\/07\/mce003-codigo-de-etica.pdf\">Clique Aqui<\/a> para fazer download do C\u00f3digo de \u00c9tica Completo.[\/vc_column_text][\/vc_column][\/vc_row]<\/p>\n","protected":false},"excerpt":{"rendered":"<p>[vc_row][vc_column][vc_column_text] C\u00f3digo de \u00c9tica Definir diretrizes de COMPORTAMENTO para as pessoas que atuem em nome do GRUPO CGB perante seus CLIENTES, COLABORADORES, FORNECEDORES e PARCEIROS, CONCORRENTES, GOVERNO, M\u00cdDIA OU SOCIEDADE EM GERAL. O C\u00f3digo se aplica indistintamente a todos os colaboradores diretos e indiretos da CGB. Toda a Diretoria, Ger\u00eancia e demais l\u00edderes est\u00e3o comprometidos&hellip;<\/p>\n","protected":false},"author":4,"featured_media":0,"parent":73,"menu_order":0,"comment_status":"closed","ping_status":"closed","template":"","meta":[],"_links":{"self":[{"href":"https:\/\/www.cgbengenharia.com.br\/index.php\/wp-json\/wp\/v2\/pages\/1873"}],"collection":[{"href":"https:\/\/www.cgbengenharia.com.br\/index.php\/wp-json\/wp\/v2\/pages"}],"about":[{"href":"https:\/\/www.cgbengenharia.com.br\/index.php\/wp-json\/wp\/v2\/types\/page"}],"author":[{"embeddable":true,"href":"https:\/\/www.cgbengenharia.com.br\/index.php\/wp-json\/wp\/v2\/users\/4"}],"replies":[{"embeddable":true,"href":"https:\/\/www.cgbengenharia.com.br\/index.php\/wp-json\/wp\/v2\/comments?post=1873"}],"version-history":[{"count":9,"href":"https:\/\/www.cgbengenharia.com.br\/index.php\/wp-json\/wp\/v2\/pages\/1873\/revisions"}],"predecessor-version":[{"id":2454,"href":"https:\/\/www.cgbengenharia.com.br\/index.php\/wp-json\/wp\/v2\/pages\/1873\/revisions\/2454"}],"up":[{"embeddable":true,"href":"https:\/\/www.cgbengenharia.com.br\/index.php\/wp-json\/wp\/v2\/pages\/73"}],"wp:attachment":[{"href":"https:\/\/www.cgbengenharia.com.br\/index.php\/wp-json\/wp\/v2\/media?parent=1873"}],"curies":[{"name":"wp","href":"https:\/\/api.w.org\/{rel}","templated":true}]}}