{"id":2011,"date":"2016-04-05T03:19:45","date_gmt":"2016-04-05T03:19:45","guid":{"rendered":"http:\/\/cgbengenharia.com.br\/?page_id=92"},"modified":"2021-08-24T14:02:41","modified_gmt":"2021-08-24T14:02:41","slug":"grupo-cgb","status":"publish","type":"page","link":"https:\/\/www.cgbengenharia.com.br\/index.php\/a-empresa\/grupo-cgb\/","title":{"rendered":"Grupo CGB"},"content":{"rendered":"<p>[vc_row][vc_column width=&#8221;1\/2&#8243;][vc_single_image image=&#8221;94&#8243; img_size=&#8221;full&#8221;][\/vc_column][vc_column width=&#8221;1\/2&#8243;][vc_column_text]<\/p>\n<h3><span style=\"color: #800000;\">CGB ENGENHARIA<\/span><\/h3>\n<p>Empresa com forte atua\u00e7\u00e3o nas \u00e1reas de constru\u00e7\u00e3o civil, servi\u00e7os t\u00e9cnicos comerciais de energia, opera\u00e7\u00e3o de per\u00edmetros irrigados e manuten\u00e7\u00f5es eletromec\u00e2nicas.[\/vc_column_text][\/vc_column][\/vc_row][vc_row][vc_column width=&#8221;1\/2&#8243;][vc_single_image image=&#8221;96&#8243; img_size=&#8221;full&#8221;][\/vc_column][vc_column width=&#8221;1\/2&#8243;][vc_column_text]<\/p>\n<h3><span style=\"color: #800000;\">CGB ENERGIA<\/span><\/h3>\n<p>Empresa criada para atender aos clientes das regi\u00f5es do Par\u00e1 e Maranh\u00e3o no segmento de servi\u00e7os operacionais de energia tais como: solicita\u00e7\u00e3o de enlace, padr\u00e3o de entrada, corte e religa\u00e7\u00e3o, liga\u00e7\u00e3o nova, recorte, visita de cobran\u00e7a e negocia\u00e7\u00e3o, dentre outras.[\/vc_column_text][\/vc_column][\/vc_row][vc_row][vc_column width=&#8221;1\/2&#8243;][vc_single_image image=&#8221;98&#8243; img_size=&#8221;full&#8221;][\/vc_column][vc_column width=&#8221;1\/2&#8243;][vc_column_text]<\/p>\n<h3><span style=\"color: #800000;\">CGB LOG<\/span><\/h3>\n<p>Empresa no segmento de log\u00edstica de transporte e loca\u00e7\u00e3o de ve\u00edculos leves e pesados com atua\u00e7\u00e3o em todo o territ\u00f3rio nacional.[\/vc_column_text][\/vc_column][\/vc_row][vc_row][vc_column width=&#8221;1\/2&#8243;][vc_single_image image=&#8221;2052&#8243; img_size=&#8221;full&#8221;][\/vc_column][vc_column width=&#8221;1\/2&#8243;][vc_column_text]<\/p>\n<h3><span style=\"color: #800000;\">CGB ENERGIAS RENOV\u00c1VEIS<\/span><\/h3>\n<p>Gerando energia limpa para um futuro!<br \/>\nSediada na cidade de Petrolina \u2013 PE, com abrang\u00eancia em todo territ\u00f3rio nacional, a CGB Energias Renov\u00e1veis possui forte atua\u00e7\u00e3o na fabrica\u00e7\u00e3o e implanta\u00e7\u00e3o de solu\u00e7\u00f5es turnkey em energias renov\u00e1veis, em especial a solar fotovoltaica. Atuando em sistemas on-grid e off-grid, com e sem armazenamento, a CGB Energias Renov\u00e1veis possui projetos de grande porte j\u00e1 constru\u00eddos e em andamento, principalmente na regi\u00e3o Norte do pa\u00eds, levando energia limpa e segura, atrav\u00e9s da energia solar.[\/vc_column_text][\/vc_column][\/vc_row][vc_row][vc_column width=&#8221;1\/2&#8243;][vc_single_image image=&#8221;2038&#8243; img_size=&#8221;full&#8221;][\/vc_column][vc_column width=&#8221;1\/2&#8243;][vc_column_text]<\/p>\n<h3><span style=\"color: #800000;\">CGB AGRO<\/span><\/h3>\n<p>Empresa do Agroneg\u00f3cio no Vale do S\u00e3o Francisco, Situada em Petrolina\/PE \u2013 Per\u00edmetro Irrigado do Projeto Pontal Sul, tem como foco principal a produ\u00e7\u00e3o de frutas de alta qualidade.[\/vc_column_text][\/vc_column][\/vc_row][vc_row][vc_column width=&#8221;1\/2&#8243;][vc_single_image image=&#8221;2039&#8243; img_size=&#8221;full&#8221;][\/vc_column][vc_column width=&#8221;1\/2&#8243;][vc_column_text]<\/p>\n<h3><span style=\"color: #800000;\">NORVAC<\/span><\/h3>\n<p>Empresa l\u00edder no mercado de m\u00e1quinas e embalagens \u00e0 v\u00e1cuo no Nordeste, sediada em Camaragibe, regi\u00e3o metropolitana de Recife-PE. \u00c9 respons\u00e1vel pelo desenvolvimento de processos tecnol\u00f3gicos que geram economia e seguran\u00e7a alimentar por meio da conserva\u00e7\u00e3o de alimentos \u00e0 v\u00e1cuo, sem adi\u00e7\u00e3o de produtos qu\u00edmicos ou conservantes. Atua facilitando o acesso \u00e0 m\u00e1quinas de v\u00e1cuo, atrav\u00e9s de loca\u00e7\u00e3o de equipamentos, possuindo uma das maiores oficinas e plantel de m\u00e1quinas pr\u00f3prias do pa\u00eds, com produ\u00e7\u00e3o industrial de embalagens Nylon Poli sob medida para os segmentos supermercados, frigor\u00edficos, latic\u00ednios, cozinhas industriais, hortifrutigranjeiros, bares, hot\u00e9is, restaurantes, buffets, entre outros.[\/vc_column_text][\/vc_column][\/vc_row]<\/p>\n","protected":false},"excerpt":{"rendered":"<p>[vc_row][vc_column width=&#8221;1\/2&#8243;][vc_single_image image=&#8221;94&#8243; img_size=&#8221;full&#8221;][\/vc_column][vc_column width=&#8221;1\/2&#8243;][vc_column_text] CGB ENGENHARIA Empresa com forte atua\u00e7\u00e3o nas \u00e1reas de constru\u00e7\u00e3o civil, servi\u00e7os t\u00e9cnicos comerciais de energia, opera\u00e7\u00e3o de per\u00edmetros irrigados e manuten\u00e7\u00f5es eletromec\u00e2nicas.[\/vc_column_text][\/vc_column][\/vc_row][vc_row][vc_column width=&#8221;1\/2&#8243;][vc_single_image image=&#8221;96&#8243; img_size=&#8221;full&#8221;][\/vc_column][vc_column width=&#8221;1\/2&#8243;][vc_column_text] CGB ENERGIA Empresa criada para atender aos clientes das regi\u00f5es do Par\u00e1 e Maranh\u00e3o no segmento de servi\u00e7os operacionais de energia tais como:&hellip;<\/p>\n","protected":false},"author":4,"featured_media":0,"parent":73,"menu_order":0,"comment_status":"closed","ping_status":"closed","template":"","meta":[],"_links":{"self":[{"href":"https:\/\/www.cgbengenharia.com.br\/index.php\/wp-json\/wp\/v2\/pages\/2011"}],"collection":[{"href":"https:\/\/www.cgbengenharia.com.br\/index.php\/wp-json\/wp\/v2\/pages"}],"about":[{"href":"https:\/\/www.cgbengenharia.com.br\/index.php\/wp-json\/wp\/v2\/types\/page"}],"author":[{"embeddable":true,"href":"https:\/\/www.cgbengenharia.com.br\/index.php\/wp-json\/wp\/v2\/users\/4"}],"replies":[{"embeddable":true,"href":"https:\/\/www.cgbengenharia.com.br\/index.php\/wp-json\/wp\/v2\/comments?post=2011"}],"version-history":[{"count":16,"href":"https:\/\/www.cgbengenharia.com.br\/index.php\/wp-json\/wp\/v2\/pages\/2011\/revisions"}],"predecessor-version":[{"id":2057,"href":"https:\/\/www.cgbengenharia.com.br\/index.php\/wp-json\/wp\/v2\/pages\/2011\/revisions\/2057"}],"up":[{"embeddable":true,"href":"https:\/\/www.cgbengenharia.com.br\/index.php\/wp-json\/wp\/v2\/pages\/73"}],"wp:attachment":[{"href":"https:\/\/www.cgbengenharia.com.br\/index.php\/wp-json\/wp\/v2\/media?parent=2011"}],"curies":[{"name":"wp","href":"https:\/\/api.w.org\/{rel}","templated":true}]}}