{"id":2197,"date":"2022-07-15T17:03:33","date_gmt":"2022-07-15T17:03:33","guid":{"rendered":"https:\/\/www.cgbengenharia.com.br\/?page_id=2197"},"modified":"2024-04-30T21:04:59","modified_gmt":"2024-04-30T21:04:59","slug":"cgb-energia-politica-de-qualidade","status":"publish","type":"page","link":"https:\/\/www.cgbengenharia.com.br\/index.php\/cgb-energia-politica-de-qualidade\/","title":{"rendered":"CGB &#8211; Pol\u00edtica do Sistema de Gest\u00e3o"},"content":{"rendered":"<p>A CGB Energia atuando nacionalmente na \u00e1rea de engenharia e de presta\u00e7\u00e3o de servi\u00e7os, tem como foco a melhoria cont\u00ednua do desempenho de seu Sistema de Gest\u00e3o Integrada, orientada pelos seguintes compromissos:<\/p>\n<ul>\n<li>Atender os requisitos dos clientes assegurando a sua satisfa\u00e7\u00e3o;<\/li>\n<li>Melhorar a conscientiza\u00e7\u00e3o e a compet\u00eancia dos colaboradores, no \u00e2mbito do Sistema de Gest\u00e3o Integrada;<\/li>\n<li>Promover a conserva\u00e7\u00e3o e a prote\u00e7\u00e3o do meio ambiente, gerenciando os impactos ambientais com vistas a prevenir a polui\u00e7\u00e3o e alcan\u00e7ar um desenvolvimento sustent\u00e1vel, no contexto dos nossos processos;<\/li>\n<li>Garantir a prote\u00e7\u00e3o da vida e da sa\u00fade de seus colaboradores, atrav\u00e9s da identifica\u00e7\u00e3o e elimina\u00e7\u00e3o dos riscos aplic\u00e1veis, com vistas a prevenir les\u00f5es e doen\u00e7as relacionadas ao trabalho;<\/li>\n<li>Atender a legisla\u00e7\u00e3o pertinente \u00e0s nossas atividades, outros requisitos aplic\u00e1veis, incluindo a consulta e a participa\u00e7\u00e3o dos trabalhadores ;<\/li>\n<li>Garantir resultados produtivos e financeiros, assegurando a sua perenidade;<\/li>\n<li>Buscar incessantemente a melhoria cont\u00ednua em seus processos por meio do Sistema de Gest\u00e3o Integrada.<\/li>\n<\/ul>\n<h2><span style=\"color: #9a1241;\">Miss\u00e3o<\/span><\/h2>\n<p>Atuar de forma legal e \u00e9tica no fornecimento de produtos e servi\u00e7os, com qualidade, seguran\u00e7a e respeito ao meio ambiente, estabelecendo s\u00f3lidas parcerias com clientes, colaboradores e fornecedores.<\/p>\n<h2><span style=\"color: #9a1241;\">Vis\u00e3o<\/span><\/h2>\n<p>Ser reconhecida como refer\u00eancia no mercado em que atuamos, seguindo os padr\u00f5es de excel\u00eancia em Seguran\u00e7a e Sa\u00fade Ocupacional, Qualidade e Meio Ambiente, garantindo o cumprimento dos requisitos legais e a satisfa\u00e7\u00e3o das partes interessadas.<\/p>\n<h2><span style=\"color: #9a1241;\">Valores<\/span><\/h2>\n<p>Os princ\u00edpios que balizam as pr\u00e1ticas e comportamentos da CGB e seus colaboradores independentemente do cen\u00e1rio vigente, e que representam as doutrinas essenciais e duradouras da Empresa s\u00e3o:<\/p>\n<ul>\n<li>Seguran\u00e7a do trabalho e sa\u00fade ocupacional, qualidade e meio ambiente;<\/li>\n<li>\u00c9tica, respeito e honestidade;<\/li>\n<li>Responsabilidade com clientes, colaboradores e fornecedores;<\/li>\n<li>Inova\u00e7\u00e3o;<\/li>\n<li>Incentivo e reconhecimento individual;<\/li>\n<li>Rentabilidade do neg\u00f3cio.<\/li>\n<\/ul>\n","protected":false},"excerpt":{"rendered":"<p>A CGB Energia atuando nacionalmente na \u00e1rea de engenharia e de presta\u00e7\u00e3o de servi\u00e7os, tem como foco a melhoria cont\u00ednua do desempenho de seu Sistema de Gest\u00e3o Integrada, orientada pelos seguintes compromissos: Atender os requisitos dos clientes assegurando a sua satisfa\u00e7\u00e3o; Melhorar a conscientiza\u00e7\u00e3o e a compet\u00eancia dos colaboradores, no \u00e2mbito do Sistema de Gest\u00e3o&hellip;<\/p>\n","protected":false},"author":8,"featured_media":0,"parent":0,"menu_order":0,"comment_status":"closed","ping_status":"closed","template":"","meta":[],"_links":{"self":[{"href":"https:\/\/www.cgbengenharia.com.br\/index.php\/wp-json\/wp\/v2\/pages\/2197"}],"collection":[{"href":"https:\/\/www.cgbengenharia.com.br\/index.php\/wp-json\/wp\/v2\/pages"}],"about":[{"href":"https:\/\/www.cgbengenharia.com.br\/index.php\/wp-json\/wp\/v2\/types\/page"}],"author":[{"embeddable":true,"href":"https:\/\/www.cgbengenharia.com.br\/index.php\/wp-json\/wp\/v2\/users\/8"}],"replies":[{"embeddable":true,"href":"https:\/\/www.cgbengenharia.com.br\/index.php\/wp-json\/wp\/v2\/comments?post=2197"}],"version-history":[{"count":14,"href":"https:\/\/www.cgbengenharia.com.br\/index.php\/wp-json\/wp\/v2\/pages\/2197\/revisions"}],"predecessor-version":[{"id":2389,"href":"https:\/\/www.cgbengenharia.com.br\/index.php\/wp-json\/wp\/v2\/pages\/2197\/revisions\/2389"}],"wp:attachment":[{"href":"https:\/\/www.cgbengenharia.com.br\/index.php\/wp-json\/wp\/v2\/media?parent=2197"}],"curies":[{"name":"wp","href":"https:\/\/api.w.org\/{rel}","templated":true}]}}