{"id":2373,"date":"2024-03-29T10:07:24","date_gmt":"2024-03-29T10:07:24","guid":{"rendered":"https:\/\/www.cgbengenharia.com.br\/?page_id=2373"},"modified":"2026-04-06T19:14:47","modified_gmt":"2026-04-06T19:14:47","slug":"relatorio-de-transparencia","status":"publish","type":"page","link":"https:\/\/www.cgbengenharia.com.br\/index.php\/relatorio-de-transparencia\/","title":{"rendered":"Relat\u00f3rio de Transpar\u00eancia"},"content":{"rendered":"<p>[vc_row][vc_column][vc_column_text]<\/p>\n<h2><span style=\"color: #9a1241;\"><strong>Relat\u00f3rio de Transpar\u00eancia e Igualdade Salarial<\/strong><\/span><\/h2>\n<p>N\u00f3s, da CGB, comprometidos com os princ\u00edpios de equidade salarial entre homens e mulheres e cientes da import\u00e2ncia da transpar\u00eancia neste momento crucial para a constru\u00e7\u00e3o de uma sociedade mais justa e igualit\u00e1ria, vimos publicar nosso relat\u00f3rio de igualdade salarial nos termos da Lei 14.611\/23. Queremos que este seja um momento de di\u00e1logo entre empresa, sociedade e colaboradores, e por isso alguns pontos s\u00e3o fundamentais:<\/p>\n<p>\u00a0<\/p>\n<ul>\n<li>O relat\u00f3rio foi gerado pelo portal &#8220;Emprega Brasil&#8221;, mantido pelo Minist\u00e9rio do Trabalho e Emprego &#8211; MTE, utilizando dados de 2022. Portanto, embora consideremos v\u00e1lida a iniciativa, \u00e9 importante ressaltar que os dados n\u00e3o representam a situa\u00e7\u00e3o atualizada de nossa empresa.<\/li>\n<\/ul>\n<ul>\n<li>Eventuais distor\u00e7\u00f5es nos dados, como a diferen\u00e7a salarial entre homens e mulheres, n\u00e3o refletem qualquer tipo de discrimina\u00e7\u00e3o salarial. Tais diferen\u00e7as podem ser atribu\u00eddas a pr\u00e1ticas legais previstas, como estruturas de carreira, localidades diversas de atua\u00e7\u00e3o e sistemas meritocr\u00e1ticos, ou a problemas no modelo de agrupamento dos dados por Grandes Grupos da CBO realizados junto ao relat\u00f3rio.<\/li>\n<\/ul>\n<ul>\n<li>\u00c9 importante destacar que nossa empresa \u00e9 terceirizada e opera por meio de contratos de prazo determinado, o que acarreta um alto \u00edndice de mobiliza\u00e7\u00f5es e desmobiliza\u00e7\u00f5es de funcion\u00e1rios ao longo do ano. Portanto, os dados divulgados n\u00e3o refletem a situa\u00e7\u00e3o atualizada de nossa empresa.<\/li>\n<\/ul>\n<p>\u00a0\u00a0\u00a0 Para n\u00f3s, a equidade e igualdade salarial s\u00e3o princ\u00edpios de gest\u00e3o inegoci\u00e1veis. Estaremos atentos para encontrar oportunidades de aprimorar cada vez mais nossas pr\u00e1ticas de gest\u00e3o e transpar\u00eancia.<\/p>\n<p>Para acessar o relat\u00f3rio <a href=\"https:\/\/cgbengenharia.com.br\/wp-content\/uploads\/2026\/04\/RelatorioIgualdadeSalarial.pdf\"><strong>Clique Aqui<\/strong><\/a><\/p>\n\n\n<p><\/p>\n","protected":false},"excerpt":{"rendered":"<p>[vc_row][vc_column][vc_column_text] Relat\u00f3rio de Transpar\u00eancia e Igualdade Salarial N\u00f3s, da CGB, comprometidos com os princ\u00edpios de equidade salarial entre homens e mulheres e cientes da import\u00e2ncia da transpar\u00eancia neste momento crucial para a constru\u00e7\u00e3o de uma sociedade mais justa e igualit\u00e1ria, vimos publicar nosso relat\u00f3rio de igualdade salarial nos termos da Lei 14.611\/23. Queremos que este&hellip;<\/p>\n","protected":false},"author":8,"featured_media":0,"parent":0,"menu_order":0,"comment_status":"closed","ping_status":"closed","template":"","meta":[],"_links":{"self":[{"href":"https:\/\/www.cgbengenharia.com.br\/index.php\/wp-json\/wp\/v2\/pages\/2373"}],"collection":[{"href":"https:\/\/www.cgbengenharia.com.br\/index.php\/wp-json\/wp\/v2\/pages"}],"about":[{"href":"https:\/\/www.cgbengenharia.com.br\/index.php\/wp-json\/wp\/v2\/types\/page"}],"author":[{"embeddable":true,"href":"https:\/\/www.cgbengenharia.com.br\/index.php\/wp-json\/wp\/v2\/users\/8"}],"replies":[{"embeddable":true,"href":"https:\/\/www.cgbengenharia.com.br\/index.php\/wp-json\/wp\/v2\/comments?post=2373"}],"version-history":[{"count":6,"href":"https:\/\/www.cgbengenharia.com.br\/index.php\/wp-json\/wp\/v2\/pages\/2373\/revisions"}],"predecessor-version":[{"id":2458,"href":"https:\/\/www.cgbengenharia.com.br\/index.php\/wp-json\/wp\/v2\/pages\/2373\/revisions\/2458"}],"wp:attachment":[{"href":"https:\/\/www.cgbengenharia.com.br\/index.php\/wp-json\/wp\/v2\/media?parent=2373"}],"curies":[{"name":"wp","href":"https:\/\/api.w.org\/{rel}","templated":true}]}}