{"id":2444,"date":"2025-04-22T19:22:05","date_gmt":"2025-04-22T19:22:05","guid":{"rendered":"https:\/\/www.cgbengenharia.com.br\/?page_id=2444"},"modified":"2025-04-22T19:28:21","modified_gmt":"2025-04-22T19:28:21","slug":"politica-de-privacidade","status":"publish","type":"page","link":"https:\/\/www.cgbengenharia.com.br\/index.php\/politica-de-privacidade\/","title":{"rendered":"Pol\u00edtica de Privacidade"},"content":{"rendered":"<p>TERMOS DE USO, PRIVACIDADE E PROTE\u00c7\u00c3O DE DADOS PESSOAIS<\/p>\n<p>O GRUPO CGB valoriza a privacidade e possui compromisso com a prote\u00e7\u00e3o das<br \/>\ninforma\u00e7\u00f5es de todos os seus clientes. Dessa forma, elaboramos este Termo para ajustar<br \/>\nos nossos valores \u00e9ticos com voc\u00ea \u2013 usu\u00e1rio da nossa plataforma, pois a CGB pode<br \/>\nmonitorar toda a sua movimenta\u00e7\u00e3o no site, bem como identific\u00e1-lo por meio dos seus<br \/>\ndados, fornecidos no momento do cadastro e durante toda a navegabilidade no portal.<br \/>\nDessa forma, ao utilizar os servi\u00e7os do nosso site, voc\u00ea confirma que leu, entendeu e<br \/>\naceita todos os termos e condi\u00e7\u00f5es deste documento, enquanto usu\u00e1rio titular.<br \/>\nA seguir, algumas defini\u00e7\u00f5es e express\u00f5es importantes para compreens\u00e3o do conte\u00fado<br \/>\ndo Termo:<br \/>\nDADO PESSOAL \u2013 Informa\u00e7\u00f5es sobre uma pessoa f\u00edsica, identificada ou identific\u00e1vel;<br \/>\nDADO PESSOAL SENS\u00cdVEL \u2013 Categoria de dado pessoal que remete a origem racial e<br \/>\n\u00e9tnica, convic\u00e7\u00e3o religiosa, opini\u00e3o pol\u00edtica, filia\u00e7\u00e3o a sindicato ou a organiza\u00e7\u00e3o de<br \/>\ncar\u00e1ter religioso, filos\u00f3fico ou pol\u00edtico, dado referente \u00e0 sa\u00fade ou \u00e0 vida sexual, dado<br \/>\ngen\u00e9tico ou biom\u00e9trico \u2013 quando vinculado a uma pessoa natural;<br \/>\nTITULAR \u2013 Pessoa natural a quem se referem os dados pessoais;<br \/>\nUSU\u00c1RIO \u2013 Voc\u00ea e qualquer outra pessoa natural que utiliza o nosso site;<br \/>\nTERCEIRO(S) \u2013 Pessoa \u2013 f\u00edsica ou jur\u00eddica \u2013 que n\u00e3o participa diretamente da nossa<br \/>\nrela\u00e7\u00e3o;<br \/>\nTRATAMENTO \u2013 Atividades e opera\u00e7\u00f5es que envolvem dados pessoais, como: coleta,<br \/>\nprodu\u00e7\u00e3o, recep\u00e7\u00e3o, classifica\u00e7\u00e3o, utiliza\u00e7\u00e3o, acesso, reprodu\u00e7\u00e3o, transmiss\u00e3o,<br \/>\ndistribui\u00e7\u00e3o, processamento, arquivamento, armazenamento, elimina\u00e7\u00e3o, avalia\u00e7\u00e3o ou<br \/>\ncontrole da informa\u00e7\u00e3o, modifica\u00e7\u00e3o, comunica\u00e7\u00e3o, transfer\u00eancia, difus\u00e3o ou extra\u00e7\u00e3o<br \/>\nCONTROLADOR \u2013 Pessoa \u2013 f\u00edsica ou jur\u00eddica, de direito p\u00fablico ou privado, que toma<br \/>\ndecis\u00f5es referentes ao tratamento de dados pessoais;<br \/>\nOPERADOR \u2013 Pessoa \u2013 f\u00edsica ou jur\u00eddica, de direito p\u00fablico ou privado, que realiza o<br \/>\ntratamento de dados pessoais em nome do Controlador;<br \/>\nENCARREGADO \u2013 Profissional que atua intermediando a rela\u00e7\u00e3o entre o Controlador<br \/>\nou Operador e o titular de dados pessoais e ainda perante a ANPD \u2013 Autoridade<br \/>\nNacional de Prote\u00e7\u00e3o de Dados;<br \/>\nAGENTES DE TRATAMENTO \u2013 O Controlador e o Operador;<br \/>\nANPD (AUTORIDADE NACIONAL DE PROTE\u00c7\u00c3O DE DADOS) \u2013 Agente p\u00fablico que<br \/>\nfiscaliza o cumprimento da LGPD;<br \/>\nLGPD \u2013 Lei Geral de Prote\u00e7\u00e3o de Dados Pessoais;<br \/>\nANONIMIZA\u00c7\u00c3O \u2013 T\u00e9cnicas que podem ser utilizadas pelo Controlador ou Operador<br \/>\npara impossibilitar a identifica\u00e7\u00e3o de uma pessoa;<br \/>\nCONSENTIMENTO \u2013 Autoriza\u00e7\u00e3o livre, informada e inequ\u00edvoca pela qual o titular<br \/>\nconcorda com o tratamento de seus dados pessoais;<br \/>\nELIMINA\u00c7\u00c3O \u2013 Exclus\u00e3o de um dado ou conjunto de dados armazenados em banco de<br \/>\ndados, independente do tratamento;<br \/>\nUSO COMPARTILHADO DE DADOS \u2013 Comunica\u00e7\u00e3o, difus\u00e3o, transfer\u00eancia<br \/>\ninternacional, interconex\u00e3o de dados pessoais ou tratamento compartilhado de bancos<br \/>\nde dados pessoais por \u00f3rg\u00e3os e entidades p\u00fablicos no cumprimento de suas<br \/>\ncompet\u00eancias legais, ou entre esses e entes privados, reciprocamente, com autoriza\u00e7\u00e3o<br \/>\nespec\u00edfica, para uma ou mais modalidades de tratamento permitidas por esses entes<br \/>\np\u00fablicos, ou entre entes privados;<br \/>\nCOOKIES \u2013 Arquivos armazenados nos computadores ou outros dispositivos, que<br \/>\nguardam e recuperam informa\u00e7\u00f5es relacionadas \u00e0 sua navega\u00e7\u00e3o;<br \/>\nCONFIDENCIALIDADE \u2013 Nossa garantia de que os dados pessoais que tenhamos acesso<br \/>\no sejam apenas por pessoas autorizadas.<br \/>\nTERMOS DE USO, PRIVACIDADE E PROTE\u00c7\u00c3O DE DADOS PESSOAIS<\/p>\n<p>Este Termo foi elaborado de acordo com a Lei n\u00ba 12.965\/2014 (Marco Civil da Internet)<br \/>\ne de acordo com a Lei n\u00ba 13.709\/2018 (LGPD \u2013 Lei Geral de Prote\u00e7\u00e3o de Dados Pessoais),<br \/>\ne poder\u00e1 ser atualizado mediante atualiza\u00e7\u00e3o de normativos e leis, raz\u00e3o pela qual<br \/>\nrecomendamos fortemente a consulta peri\u00f3dica deste Termo, sempre que for acessar<br \/>\nqualquer dos servi\u00e7os disponibilizados em nosso site.<br \/>\nAs empresas do Grupo CGB se comprometem a sempre cumprir com todas as normas<br \/>\nprevistas na Lei Geral de Prote\u00e7\u00e3o de Dados Pessoais (LGPD), em especial aos princ\u00edpios:<br \/>\nda finalidade, adequa\u00e7\u00e3o, necessidade, livre acesso, qualidade dos dados,<br \/>\ntranspar\u00eancia, seguran\u00e7a, preven\u00e7\u00e3o, n\u00e3o discrimina\u00e7\u00e3o, responsabiliza\u00e7\u00e3o e presta\u00e7\u00e3o<br \/>\nde contas.<br \/>\nQUAIS OS DADOS PESSOAIS COLETADOS PELA CGB?<br \/>\nDados de cadastro, al\u00e9m do e-mail e senha criada pelo<br \/>\nUsu\u00e1rio;<br \/>\nA CGB tamb\u00e9m coleta dados pessoais que podem te<br \/>\nidentificar, quando voc\u00ea preenche formul\u00e1rios, cadastra<br \/>\ncurr\u00edculos ou envia mensagens atrav\u00e9s do \u201cfale conosco\u201d.<br \/>\nN\u00e3o se preocupe! Os seus dados pessoais, n\u00e3o ser\u00e3o coletados<br \/>\nquanto voc\u00ea se reportar ao nosso Canal de Den\u00fancias<br \/>\n\/Ouvidoria, a n\u00e3o ser que opte por declarar suas informa\u00e7\u00f5es<br \/>\ne identificar-se.<br \/>\nQuando voc\u00ea, usu\u00e1rio, faz seu cadastro e utiliza de formul\u00e1rios<br \/>\ne servi\u00e7os em nosso site, todos os seus dados pessoais s\u00e3o mantidos no mais absoluto<br \/>\nsigilo, sendo utilizados apenas e t\u00e3o somente aos prop\u00f3sitos e finalidades abaixo:<br \/>\nDADOS PESSOAIS FINALIDADE BASE LEGAL DE TRATAMENTO<br \/>\nE-MAIL Para cadastro no Portal CGB \u2013 \u00c1rea do<br \/>\nColaborador.<br \/>\nConsentimento<br \/>\nNOME<br \/>\nE-MAIL<br \/>\nTELEFONE<br \/>\nCIDADE\/UF<br \/>\nCURR\u00cdCULO<br \/>\nPara cadastro no Fale Conosco, com a<br \/>\ninten\u00e7\u00e3o de tornar-se um colaborador<br \/>\nda CGB, diretamente recebido pelo RH.<br \/>\nConsentimento<br \/>\n&#8211;<br \/>\nPara reportar-se no Fale<br \/>\nConosco\/Ouvidoria<br \/>\nConsentimento<br \/>\nVoc\u00ea, usu\u00e1rio, concorda, portanto, em fornecer todos os dados pessoais acima listados,<br \/>\npara acesso \u00e0s funcionalidades do site da CGB, estando ciente de que as informa\u00e7\u00f5es<br \/>\nser\u00e3o acessadas pelo RH, Compliance, Jur\u00eddico, T.I, Diretoria e Atendimento ao Cliente.<br \/>\nCOMO OS DADOS PESSOAIS S\u00c3O COLETADOS PELA CGB?<br \/>\nTERMOS DE USO, PRIVACIDADE E PROTE\u00c7\u00c3O DE DADOS PESSOAIS<\/p>\n<p>Com o seu consentimento, iniciamos o tratamento dos seus dados pessoais, ou seja,<br \/>\napenas a partir da sua pr\u00e9via e expressa autoriza\u00e7\u00e3o, quando voc\u00ea preenche os campos<br \/>\nde formul\u00e1rios dispon\u00edveis no site e confirma o envio em nossa plataforma, de acordo<br \/>\ncom cada finalidade espec\u00edfica, como determina a Lei.<br \/>\nA coleta dos seus dados \u00e9 importante para que possamos te dar um feedback e melhor<br \/>\nprestar os nossos servi\u00e7os dispon\u00edveis no site, inclusive para aprimorar nosso<br \/>\natendimento, nos aproximando dos usu\u00e1rios \u2013 clientes ou n\u00e3o. Para n\u00f3s da CGB \u00e9 muito<br \/>\nimportante te manter informado e atualizado sobre nossos recursos e a\u00e7\u00f5es<br \/>\ninstitucionais.<br \/>\nOS SEUS DADOS S\u00c3O COMPARTILHADOS PELA CGB?<br \/>\nN\u00f3s da CGB n\u00e3o disponibilizamos os seus dados pessoais para terceiros sem<br \/>\no seu expresso consentimento, apenas dirigimos as informa\u00e7\u00f5es aos setores<br \/>\nnecess\u00e1rios \u00e0s respostas e ao atendimento aos usu\u00e1rios, bem como quando<br \/>\nexigido pela LGPD e pelo Poder P\u00fablico, nas seguintes situa\u00e7\u00f5es:<br \/>\n1. Apenas quando apropriado e necess\u00e1rio para retorno aos usu\u00e1rios e clientes;<br \/>\n2. Com as \u00e1reas de neg\u00f3cio (internas) das pr\u00f3prias empresas do Grupo CGB;<br \/>\n3. Com alguns dos nossos parceiros comerciais \u2013 quando pertinente e relacionado;<br \/>\n4. Para atividades administrativas e corporativas;<br \/>\n5. Para cumprimento de obriga\u00e7\u00e3o legal, regulat\u00f3ria ou para atendermos a<br \/>\ndetermina\u00e7\u00f5es p\u00fablicas, fiscalizat\u00f3rias ou a decis\u00f5es judiciais e\/ou administrativas.<br \/>\nOS SEUS DADOS EST\u00c3O SEGUROS COM A CGB?<br \/>\nTodos os dados pessoais compartilhados por voc\u00ea s\u00e3o armazenados<br \/>\nna base de dados do Grupo CGB, mantidos em nosso sistema de<br \/>\ng gest\u00e3o interno pelo nosso time de TI e fornecedores especializados,<br \/>\ncontratados de acordo com a legisla\u00e7\u00e3o atualmente vigente.<br \/>\nTodos os nossos sistemas, plataformas, base de dados e rede interna est\u00e3o<br \/>\nSeguros e protegidos contra ataques, invas\u00f5es e vazamentos, de forma que<br \/>\nGarantimos e monitoramos a privacidade, seguran\u00e7a, confidencialidade e<br \/>\nintegridade de todos os seus dados pessoais de forma preventiva, inclusive<br \/>\ninternamente, atrav\u00e9s de programas de adequa\u00e7\u00e3o e treinamento do nosso time, para<br \/>\nlidar com qualquer tipo de vulnerabilidade e\/ou incidente e reportar-lhe da melhor e<br \/>\nmais informada maneira poss\u00edvel, seguindo-se as exig\u00eancias e bases legais.<br \/>\nDO DIREITO DOS USU\u00c1RIOS E TITULARES DE DADOS PESSOAIS<br \/>\nTERMOS DE USO, PRIVACIDADE E PROTE\u00c7\u00c3O DE DADOS PESSOAIS<br \/>\nO GRUPO CGB tamb\u00e9m se preocupa com o cumprimento dos direitos dos titulares de<br \/>\ndados pessoais, que se encontram descritos no art. 17 e 18 da Lei Geral de Prote\u00e7\u00e3o de<br \/>\nDados Pessoais (LGPD), onde consta que voc\u00ea, usu\u00e1rio, poder\u00e1, a qualquer tempo:<br \/>\n1. Confirmar a exist\u00eancia de tratamento de dados;<br \/>\n2. Ter acesso aos dados pessoais;<br \/>\n3. Corrigir dados incompletos, inexatos ou desatualizados;<br \/>\n4. Pedir\/Exigir a anonimiza\u00e7\u00e3o, bloqueio ou elimina\u00e7\u00e3o dos dados que entender terem<br \/>\nsido coletados de maneira desnecess\u00e1ria, excessiva ou que estejam sendo tratados<br \/>\nem desconformidade com a Lei;<br \/>\n5. Solicitar a portabilidade dos seus dados pessoais a outra empresa, grupo<br \/>\nempresarial, fornecedor ou prestador de servi\u00e7o, mediante requisi\u00e7\u00e3o expressa, de<br \/>\nacordo com regulamenta\u00e7\u00e3o da Autoridade Nacional (ANPD), sem que sejam<br \/>\ncomprometidos os segredos de neg\u00f3cio e informa\u00e7\u00f5es confidenciais do Grupo CGB;<br \/>\n6. Solicitar, ainda, a elimina\u00e7\u00e3o dos dados pessoais que foram objeto de<br \/>\nconsentimento, quando poss\u00edvel;<br \/>\n7. Requerer informa\u00e7\u00f5es por parte das entidades p\u00fablicas ou privadas, com as quais o<br \/>\nGrupo CGB realizou o uso compartilhado de dados;<br \/>\n8. Requerer informa\u00e7\u00f5es sobre a possibilidade ou n\u00e3o de fornecimento do<br \/>\nconsentimento e sobre as consequ\u00eancias \u2013 ainda que n\u00e3o t\u00e3o positivas;<br \/>\n9. Revogar o consentimento que voc\u00ea nos forneceu.<br \/>\nO GRUPO CGB pode ser contatado a qualquer momento, por meio da nossa Encarregada (DPO),<br \/>\nrespons\u00e1vel por receber e processar qualquer tipo de solicita\u00e7\u00e3o relacionada a voc\u00ea, usu\u00e1rio, e<br \/>\nos seus dados pessoais, atrav\u00e9s dos contatos:<br \/>\n[E-MAIL]: privacidade@cgbengenharia.com.br<br \/>\n[TELEFONE]: (87) 98117-7328<br \/>\nMEUS DADOS PESSOAIS FICAR\u00c3O COM A CGB POR QUANTO TEMPO?<br \/>\nApenas pelo tempo necess\u00e1rio para cumprirmos com as finalidades descritas neste Termo.<br \/>\nNossa inten\u00e7\u00e3o \u00e9 excluir todos os seus dados pessoais, assim que conclu\u00eddos os objetivos pelos<br \/>\nquais eles forem fornecidos por voc\u00ea, ressalvadas algumas situa\u00e7\u00f5es em que somos obrigados a<br \/>\npermanecer com essas informa\u00e7\u00f5es, como por exemplo, para cumprir com determina\u00e7\u00f5es legais<br \/>\ne obriga\u00e7\u00f5es regulat\u00f3rias.<br \/>\nNada que n\u00e3o seja imprescind\u00edvel ser\u00e1 mantido em nosso banco de dados!<br \/>\nATUALIZA\u00c7\u00c3O OU ALTERA\u00c7\u00c3O DO TERMO DE USO, PRIVACIDADE E PROTE\u00c7\u00c3O DE DADOS<br \/>\nFique tranquilo!<br \/>\nSempre que o Termo for modificado ou atualizado, informaremos em nosso site e<br \/>\ndisponibilizaremos as novas informa\u00e7\u00f5es a voc\u00ea, usu\u00e1rio.<br \/>\nTERMOS DE USO, PRIVACIDADE E PROTE\u00c7\u00c3O DE DADOS PESSOAIS<\/p>\n<p>FORO DE ELEI\u00c7\u00c3O<br \/>\nO Termo de Uso, Privacidade e Prote\u00e7\u00e3o de Dados Pessoais est\u00e1 sujeito \u00e0s leis brasileiras, e<br \/>\nqualquer tipo de problema que precise ser resolvido com o Grupo CGB deve ser no Foro da<br \/>\nComarca de Petrolina\/PE, \u00fanico competente para dirimir qualquer controv\u00e9rsia.<\/p>\n<h2><\/h2>\n<h2><\/h2>\n","protected":false},"excerpt":{"rendered":"<p>TERMOS DE USO, PRIVACIDADE E PROTE\u00c7\u00c3O DE DADOS PESSOAIS O GRUPO CGB valoriza a privacidade e possui compromisso com a prote\u00e7\u00e3o das informa\u00e7\u00f5es de todos os seus clientes. Dessa forma, elaboramos este Termo para ajustar os nossos valores \u00e9ticos com voc\u00ea \u2013 usu\u00e1rio da nossa plataforma, pois a CGB pode monitorar toda a sua movimenta\u00e7\u00e3o&hellip;<\/p>\n","protected":false},"author":9,"featured_media":0,"parent":0,"menu_order":0,"comment_status":"closed","ping_status":"closed","template":"","meta":[],"_links":{"self":[{"href":"https:\/\/www.cgbengenharia.com.br\/index.php\/wp-json\/wp\/v2\/pages\/2444"}],"collection":[{"href":"https:\/\/www.cgbengenharia.com.br\/index.php\/wp-json\/wp\/v2\/pages"}],"about":[{"href":"https:\/\/www.cgbengenharia.com.br\/index.php\/wp-json\/wp\/v2\/types\/page"}],"author":[{"embeddable":true,"href":"https:\/\/www.cgbengenharia.com.br\/index.php\/wp-json\/wp\/v2\/users\/9"}],"replies":[{"embeddable":true,"href":"https:\/\/www.cgbengenharia.com.br\/index.php\/wp-json\/wp\/v2\/comments?post=2444"}],"version-history":[{"count":4,"href":"https:\/\/www.cgbengenharia.com.br\/index.php\/wp-json\/wp\/v2\/pages\/2444\/revisions"}],"predecessor-version":[{"id":2448,"href":"https:\/\/www.cgbengenharia.com.br\/index.php\/wp-json\/wp\/v2\/pages\/2444\/revisions\/2448"}],"wp:attachment":[{"href":"https:\/\/www.cgbengenharia.com.br\/index.php\/wp-json\/wp\/v2\/media?parent=2444"}],"curies":[{"name":"wp","href":"https:\/\/api.w.org\/{rel}","templated":true}]}}