{"id":73,"date":"2016-04-05T02:31:14","date_gmt":"2016-04-05T02:31:14","guid":{"rendered":"http:\/\/cgbengenharia.com.br\/?page_id=73"},"modified":"2018-02-19T21:29:55","modified_gmt":"2018-02-19T21:29:55","slug":"a-empresa","status":"publish","type":"page","link":"https:\/\/www.cgbengenharia.com.br\/index.php\/a-empresa\/","title":{"rendered":"A Empresa"},"content":{"rendered":"<p>[vc_row][vc_column][vc_column_text]<\/p>\n<div id=\"page\" class=\"hfeed site\">\n<div id=\"main\" class=\"site-main\">\n<div id=\"scrollbar1\" class=\"content-area\">\n<div class=\"viewport\">\n<div class=\"overview\">\n<article id=\"post-49\" class=\"post-49 page type-page status-publish hentry\">\n<div class=\"entry-content\">\n<p>Sediada em Pernambuco, na cidade de Petrolina, a empresa foi fundada em 1994 e concebida inicialmente como GB Engenharia transformando-se posteriormente em CGB Engenharia, utilizando em seu nome as inicias de seus s\u00f3cios.<\/p>\n<p>A <strong>CGB Engenharia<\/strong> sempre focada em seu compromisso com a qualidade conquistou a confian\u00e7a e o respeito de seus clientes e fornecedores, tornando-se refer\u00eancia em suas \u00e1reas de atua\u00e7\u00e3o.<\/p>\n<p>Esse respaldo impulsionou a empresa a atravessar fronteiras, ampliando sua abrang\u00eancia de atua\u00e7\u00e3o pelas regi\u00f5es Norte e Nordeste, principalmente nos estados de Pernambuco, Bahia, Maranh\u00e3o e Par\u00e1.<\/p>\n<p>Uma empresa com forte atua\u00e7\u00e3o nas \u00e1reas de constru\u00e7\u00e3o civil, servi\u00e7os t\u00e9cnicos comerciais de energia, opera\u00e7\u00e3o de per\u00edmetros irrigados e manuten\u00e7\u00f5es eletromec\u00e2nicas.<\/p>\n<p>\u00c9 composta por profissionais capacitados com ampla experi\u00eancia, que buscam constantemente a atualiza\u00e7\u00e3o e qualifica\u00e7\u00e3o para o desenvolvimento de suas atividades.<\/p>\n<p>A CGB engenharia prima pelo cumprimento de todos os requisitos aplic\u00e1veis a qualidade, com o objetivo de auxiliar no controle, padroniza\u00e7\u00e3o e monitoramento dos processos construtivos, buscando a melhoria e a inova\u00e7\u00e3o.<\/p>\n<p>Acreditando que tecnologia e qualidade andam juntas, a empresa investiu em recursos de gest\u00e3o, obtendo altos desempenhos t\u00e9cnicos, administrativos e produtivos.<\/p>\n<h2><span style=\"color: #9a1241;\">A <strong>CGB engenharia<\/strong> est\u00e1 preparada e voltada para a realiza\u00e7\u00e3o de novos desafios.<\/span><\/h2>\n<\/div>\n<\/article>\n<\/div>\n<\/div>\n<\/div>\n<\/div>\n<\/div>\n<p>[\/vc_column_text][\/vc_column][\/vc_row]<\/p>\n","protected":false},"excerpt":{"rendered":"<p>[vc_row][vc_column][vc_column_text] Sediada em Pernambuco, na cidade de Petrolina, a empresa foi fundada em 1994 e concebida inicialmente como GB Engenharia transformando-se posteriormente em CGB Engenharia, utilizando em seu nome as inicias de seus s\u00f3cios. A CGB Engenharia sempre focada em seu compromisso com a qualidade conquistou a confian\u00e7a e o respeito de seus clientes e&hellip;<\/p>\n","protected":false},"author":1,"featured_media":0,"parent":0,"menu_order":0,"comment_status":"closed","ping_status":"closed","template":"","meta":[],"_links":{"self":[{"href":"https:\/\/www.cgbengenharia.com.br\/index.php\/wp-json\/wp\/v2\/pages\/73"}],"collection":[{"href":"https:\/\/www.cgbengenharia.com.br\/index.php\/wp-json\/wp\/v2\/pages"}],"about":[{"href":"https:\/\/www.cgbengenharia.com.br\/index.php\/wp-json\/wp\/v2\/types\/page"}],"author":[{"embeddable":true,"href":"https:\/\/www.cgbengenharia.com.br\/index.php\/wp-json\/wp\/v2\/users\/1"}],"replies":[{"embeddable":true,"href":"https:\/\/www.cgbengenharia.com.br\/index.php\/wp-json\/wp\/v2\/comments?post=73"}],"version-history":[{"count":4,"href":"https:\/\/www.cgbengenharia.com.br\/index.php\/wp-json\/wp\/v2\/pages\/73\/revisions"}],"predecessor-version":[{"id":103,"href":"https:\/\/www.cgbengenharia.com.br\/index.php\/wp-json\/wp\/v2\/pages\/73\/revisions\/103"}],"wp:attachment":[{"href":"https:\/\/www.cgbengenharia.com.br\/index.php\/wp-json\/wp\/v2\/media?parent=73"}],"curies":[{"name":"wp","href":"https:\/\/api.w.org\/{rel}","templated":true}]}}